{"id":276,"date":"2016-07-26T13:21:43","date_gmt":"2016-07-26T16:21:43","guid":{"rendered":"https:\/\/www.enac.mg\/?page_id=276"},"modified":"2016-09-20T08:26:35","modified_gmt":"2016-09-20T11:26:35","slug":"groupe-enac","status":"publish","type":"page","link":"https:\/\/www.enac.mg\/?page_id=276","title":{"rendered":"GROUPE ENAC"},"content":{"rendered":"<p><\/p>\n<ul>\n<li>Offrir \u00e0 nos clients des services de qualit\u00e9 en mettant l\u2019accent sur la s\u00e9curit\u00e9 et l\u2019environnement<\/li>\n<li>Partenaire local fiable pour des projets \u00e0 Madagascar et dans les pays riverains de l&rsquo;oc\u00e9an Indien<\/li>\n<li>Groupe priv\u00e9 ayant une longue exp\u00e9rience dans la logistique, la manutention, le transport, la gestion de l\u2019entreposage de conteneurs et de marchandises, la construction, l&rsquo;exploitation des h\u00f4tels, le commerce, la fabrication ou la menuiserie en bois et en aluminium<\/li>\n<li>L&rsquo;approche industrielle avec une force humaine d\u00e9vou\u00e9e et des \u00e9quipements innovants fiables<\/li>\n<\/ul>\n<p><\/p>","protected":false},"excerpt":{"rendered":"<p>Offrir \u00e0 nos clients des services de qualit\u00e9 en mettant l\u2019accent sur la s\u00e9curit\u00e9 et l\u2019environnement Partenaire local fiable pour des projets \u00e0 Madagascar et dans les pays riverains de l&rsquo;oc\u00e9an Indien Groupe priv\u00e9 ayant une longue exp\u00e9rience dans la logistique, la manutention, le transport, la gestion de l\u2019entreposage de conteneurs et de marchandises, la [&hellip;]<\/p>\n","protected":false},"author":1,"featured_media":0,"parent":0,"menu_order":0,"comment_status":"closed","ping_status":"closed","template":"page-templates\/page_groupe-page.php","meta":[],"acf":[],"_links":{"self":[{"href":"https:\/\/www.enac.mg\/index.php?rest_route=\/wp\/v2\/pages\/276"}],"collection":[{"href":"https:\/\/www.enac.mg\/index.php?rest_route=\/wp\/v2\/pages"}],"about":[{"href":"https:\/\/www.enac.mg\/index.php?rest_route=\/wp\/v2\/types\/page"}],"author":[{"embeddable":true,"href":"https:\/\/www.enac.mg\/index.php?rest_route=\/wp\/v2\/users\/1"}],"replies":[{"embeddable":true,"href":"https:\/\/www.enac.mg\/index.php?rest_route=%2Fwp%2Fv2%2Fcomments&post=276"}],"version-history":[{"count":25,"href":"https:\/\/www.enac.mg\/index.php?rest_route=\/wp\/v2\/pages\/276\/revisions"}],"predecessor-version":[{"id":802,"href":"https:\/\/www.enac.mg\/index.php?rest_route=\/wp\/v2\/pages\/276\/revisions\/802"}],"wp:attachment":[{"href":"https:\/\/www.enac.mg\/index.php?rest_route=%2Fwp%2Fv2%2Fmedia&parent=276"}],"curies":[{"name":"wp","href":"https:\/\/api.w.org\/{rel}","templated":true}]}}